{"id":11,"date":"2025-01-22T16:02:42","date_gmt":"2025-01-22T15:02:42","guid":{"rendered":"http:\/\/www.la-serpolette.fr\/?page_id=11"},"modified":"2025-01-26T18:14:04","modified_gmt":"2025-01-26T17:14:04","slug":"accueil","status":"publish","type":"page","link":"https:\/\/www.la-serpolette.fr\/","title":{"rendered":"Accueil"},"content":{"rendered":"\n<h2 class=\"wp-block-heading has-text-align-right\"><strong><a href=\"https:\/\/la-serpolette.fr\/Boutique\/\">Boutique<\/a><\/strong><\/h2>\n\n\n\n<p class=\"has-text-align-center\"><strong>La Serpolette, <\/strong><br><strong>culture de plantes aromatiques et m\u00e9dicinales en Bio,<\/strong><br><strong>transformations culinaires \u00e0 base de plantes.<\/strong><\/p>\n\n\n\n<p class=\"has-text-align-center\">&nbsp;&nbsp;Vous entrez dans le monde de la Serpolette.&nbsp;<br>Pour retrouver l&#8217;univers, les produits culinaires, <br>les actualit\u00e9s et les explications de la Serpolette,&nbsp;<br>n&#8217;h\u00e9sitez pas \u00e0 vous promener dans les nombreuses pages du site.<\/p>\n\n\n\n<p class=\"has-text-align-center\">Des semis \u00e0 la cueillette, en passant par le s\u00e9chage ou les transformations culinaires,<br>suivez toutes les \u00e9tapes de fabrication, du champ au consommateur !<\/p>\n\n\n\n<p><\/p>\n","protected":false},"excerpt":{"rendered":"<p>Boutique La Serpolette, culture de plantes aromatiques et m\u00e9dicinales en Bio,transformations culinaires \u00e0 base de plantes. &nbsp;&nbsp;Vous entrez dans le monde de la Serpolette.&nbsp;Pour retrouver l&#8217;univers, les produits culinaires, les actualit\u00e9s et les explications de la Serpolette,&nbsp;n&#8217;h\u00e9sitez pas \u00e0 vous promener dans les nombreuses pages du site. Des semis \u00e0 la cueillette, en passant par &hellip; <\/p>\n<p class=\"link-more\"><a href=\"https:\/\/www.la-serpolette.fr\/\" class=\"more-link\">Continue reading<span class=\"screen-reader-text\"> &#8220;Accueil&#8221;<\/span><\/a><\/p>\n","protected":false},"author":3,"featured_media":0,"parent":0,"menu_order":0,"comment_status":"closed","ping_status":"closed","template":"","meta":{"footnotes":""},"class_list":["post-11","page","type-page","status-publish","hentry"],"_links":{"self":[{"href":"https:\/\/www.la-serpolette.fr\/index.php\/wp-json\/wp\/v2\/pages\/11","targetHints":{"allow":["GET"]}}],"collection":[{"href":"https:\/\/www.la-serpolette.fr\/index.php\/wp-json\/wp\/v2\/pages"}],"about":[{"href":"https:\/\/www.la-serpolette.fr\/index.php\/wp-json\/wp\/v2\/types\/page"}],"author":[{"embeddable":true,"href":"https:\/\/www.la-serpolette.fr\/index.php\/wp-json\/wp\/v2\/users\/3"}],"replies":[{"embeddable":true,"href":"https:\/\/www.la-serpolette.fr\/index.php\/wp-json\/wp\/v2\/comments?post=11"}],"version-history":[{"count":3,"href":"https:\/\/www.la-serpolette.fr\/index.php\/wp-json\/wp\/v2\/pages\/11\/revisions"}],"predecessor-version":[{"id":240,"href":"https:\/\/www.la-serpolette.fr\/index.php\/wp-json\/wp\/v2\/pages\/11\/revisions\/240"}],"wp:attachment":[{"href":"https:\/\/www.la-serpolette.fr\/index.php\/wp-json\/wp\/v2\/media?parent=11"}],"curies":[{"name":"wp","href":"https:\/\/api.w.org\/{rel}","templated":true}]}}