{"id":63,"date":"2025-01-22T17:05:14","date_gmt":"2025-01-22T16:05:14","guid":{"rendered":"http:\/\/www.la-serpolette.fr\/?page_id=63"},"modified":"2025-01-26T11:18:21","modified_gmt":"2025-01-26T10:18:21","slug":"la-ferme","status":"publish","type":"page","link":"https:\/\/www.la-serpolette.fr\/index.php\/la-ferme\/","title":{"rendered":"La Ferme"},"content":{"rendered":"\n<p>La ferme &#8220;La Serpolette&#8221; cultive en mode biologique une trentaine de plantes aromatiques et m\u00e9dicinales, ainsi que des petits fruits.<\/p>\n\n\n\n<p>Les cultures sont men\u00e9es sur le village de Crouzet-Migette, situ\u00e9 sur le premier plateau du massif du Jura,&nbsp;dans le d\u00e9partement du Doubs.<\/p>\n\n\n\n<p>Certaines plantes sont pr\u00e9lev\u00e9es en milieu sauvage, principalement dans ce m\u00eame secteur,&nbsp;dans le respect de la plante et de son environnement.<\/p>\n\n\n\n<p>La ferme dispose d&#8217;un s\u00e9choir professionnel de 16m\u00b2, ainsi que d&#8217;un laboratoire de transformation aux normes.<\/p>\n\n\n\n<p>Des semis \u00e0 la cueillette, en passant par le s\u00e9chage ou les transformations culinaires, l&#8217;ensemble des \u00e9tapes&nbsp;sont r\u00e9alis\u00e9es \u00e0 la main, avec passion et patience, afin de vous offrir un produit naturellement sain, savoureux,&nbsp;et plein d&#8217;optimisme&#8230; !<\/p>\n","protected":false},"excerpt":{"rendered":"<p>La ferme &#8220;La Serpolette&#8221; cultive en mode biologique une trentaine de plantes aromatiques et m\u00e9dicinales, ainsi que des petits fruits. Les cultures sont men\u00e9es sur le village de Crouzet-Migette, situ\u00e9 sur le premier plateau du massif du Jura,&nbsp;dans le d\u00e9partement du Doubs. Certaines plantes sont pr\u00e9lev\u00e9es en milieu sauvage, principalement dans ce m\u00eame secteur,&nbsp;dans le &hellip; <\/p>\n<p class=\"link-more\"><a href=\"https:\/\/www.la-serpolette.fr\/index.php\/la-ferme\/\" class=\"more-link\">Continue reading<span class=\"screen-reader-text\"> &#8220;La Ferme&#8221;<\/span><\/a><\/p>\n","protected":false},"author":3,"featured_media":87,"parent":0,"menu_order":0,"comment_status":"closed","ping_status":"closed","template":"","meta":{"footnotes":""},"class_list":["post-63","page","type-page","status-publish","has-post-thumbnail","hentry"],"_links":{"self":[{"href":"https:\/\/www.la-serpolette.fr\/index.php\/wp-json\/wp\/v2\/pages\/63","targetHints":{"allow":["GET"]}}],"collection":[{"href":"https:\/\/www.la-serpolette.fr\/index.php\/wp-json\/wp\/v2\/pages"}],"about":[{"href":"https:\/\/www.la-serpolette.fr\/index.php\/wp-json\/wp\/v2\/types\/page"}],"author":[{"embeddable":true,"href":"https:\/\/www.la-serpolette.fr\/index.php\/wp-json\/wp\/v2\/users\/3"}],"replies":[{"embeddable":true,"href":"https:\/\/www.la-serpolette.fr\/index.php\/wp-json\/wp\/v2\/comments?post=63"}],"version-history":[{"count":2,"href":"https:\/\/www.la-serpolette.fr\/index.php\/wp-json\/wp\/v2\/pages\/63\/revisions"}],"predecessor-version":[{"id":237,"href":"https:\/\/www.la-serpolette.fr\/index.php\/wp-json\/wp\/v2\/pages\/63\/revisions\/237"}],"wp:featuredmedia":[{"embeddable":true,"href":"https:\/\/www.la-serpolette.fr\/index.php\/wp-json\/wp\/v2\/media\/87"}],"wp:attachment":[{"href":"https:\/\/www.la-serpolette.fr\/index.php\/wp-json\/wp\/v2\/media?parent=63"}],"curies":[{"name":"wp","href":"https:\/\/api.w.org\/{rel}","templated":true}]}}